{"id":26,"date":"2019-10-30T08:04:23","date_gmt":"2019-10-30T07:04:23","guid":{"rendered":"https:\/\/demo.casethemes.net\/consultio\/?page_id=26"},"modified":"2021-06-25T00:29:30","modified_gmt":"2021-06-24T22:29:30","slug":"werdegang","status":"publish","type":"page","link":"https:\/\/steuerberater-vetisch.de\/?page_id=26","title":{"rendered":"Werdegang"},"content":{"rendered":"\t\t<div data-elementor-type=\"wp-page\" data-elementor-id=\"26\" class=\"elementor elementor-26\" data-elementor-settings=\"[]\">\n\t\t\t\t\t\t\t<div class=\"elementor-section-wrap\">\n\t\t\t\t\t        <section class=\"elementor-section elementor-top-section elementor-element elementor-element-bf4d915 elementor-section-boxed elementor-section-height-default elementor-section-height-default\" data-id=\"bf4d915\" data-element_type=\"section\">\n            \n                        <div class=\"elementor-container elementor-column-gap-extended \">\n                    <div class=\"elementor-column elementor-col-100 elementor-top-column elementor-element elementor-element-5282614\" data-id=\"5282614\" data-element_type=\"column\">\n            <div class=\"elementor-widget-wrap elementor-element-populated\">\n                        \t\t<div class=\"elementor-element elementor-element-9d091b6 elementor-widget elementor-widget-ct_heading\" data-id=\"9d091b6\" data-element_type=\"widget\" data-widget_type=\"ct_heading.default\">\n\t\t\t\t<div class=\"elementor-widget-container\">\n\t\t\t<div class=\"ct-heading h-align-  sub- ct-heading-left item-st-line-left1\">\r\n\t    <h3 class=\"item--title st-line-left1 \" data-wow-delay=\"ms\">\r\n                <span>\r\n                            <i><\/i>\r\n            \r\n            Werdegang\r\n                    <\/span>\r\n            <\/h3>\r\n<\/div>\t\t<\/div>\n\t\t\t\t<\/div>\n\t\t        <section class=\"elementor-section elementor-inner-section elementor-element elementor-element-6b326e2 elementor-section-boxed elementor-section-height-default elementor-section-height-default\" data-id=\"6b326e2\" data-element_type=\"section\">\n            \n                        <div class=\"elementor-container elementor-column-gap-extended \">\n                    <div class=\"elementor-column elementor-col-100 elementor-inner-column elementor-element elementor-element-71555f1\" data-id=\"71555f1\" data-element_type=\"column\">\n            <div class=\"elementor-widget-wrap elementor-element-populated\">\n                        \t\t<div class=\"elementor-element elementor-element-176c3a2 elementor-widget elementor-widget-text-editor\" data-id=\"176c3a2\" data-element_type=\"widget\" data-widget_type=\"text-editor.default\">\n\t\t\t\t<div class=\"elementor-widget-container\">\n\t\t\t\t\t\t\t\t<p><strong>1971 &#8211; 1974<\/strong><br \/>Ausbildung f\u00fcr den geh. Dienst bei der Finanzverwaltung<\/p><p><strong>1974<\/strong><br \/>Koordinator im allgemeinen Veranlagunsbezirk beim FA Detmold<\/p><p><strong>1974 &#8211; 1975<\/strong><br \/>Wehrdienst<\/p><p><strong>1976<\/strong><br \/>Bearbeiter in der Grunderwerbsteuerstelle<\/p><p><strong>1976 &#8211; 1980<\/strong><br \/>Koordinator in der Vollstreckungsstelle<\/p><p><strong>1980 &#8211; 1990<\/strong><br \/>Bearbeiter in der Rechtsbehelfsstelle<\/p><p><strong>1990 &#8211; 1998<\/strong><br \/>Bearbeiter im Ausbildungsbezirk des FA Detmold und Veranlagungsbezirk f\u00fcr K\u00f6rperschaften und Personengesellschaften<\/p><p><strong>1998 &#8211; 1999<br \/><\/strong>Hauptsachbearbeiter f\u00fcr Einkommensteuer<\/p><p><strong>1999 &#8211; 2001<\/strong><br \/>Hauptsachgebietsleiter Einkommensteuer beim FA L\u00fcbbecke einschl. Qualit\u00e4tssicherung<\/p><p><strong>2001 &#8211; 2007<br \/><\/strong>Hauptsachgebietsleiter K\u00f6rperschaftsteuer\/Firmenstelle und Hauptsachgebietsleiter Informationstechnik zzgl. zust\u00e4ndig f\u00fcr Gemeinn\u00fctzigkeitsrecht beim FA Detmold<\/p><p><strong>zum 31.12.07<br \/><\/strong>Ausscheiden aus der Finanzverwaltung und zum 13.02.08 Bestellung als Steuerberater<\/p>\t\t\t\t\t\t<\/div>\n\t\t\t\t<\/div>\n\t\t\t\t<div class=\"elementor-element elementor-element-dffa2c1 elementor-widget elementor-widget-image\" data-id=\"dffa2c1\" data-element_type=\"widget\" data-widget_type=\"image.default\">\n\t\t\t\t<div class=\"elementor-widget-container\">\n\t\t\t\t\t\t\t\t\t\t\t\t\t\t\t<img decoding=\"async\" width=\"350\" height=\"1\" src=\"https:\/\/steuerberater-vetisch.de\/wp-content\/uploads\/2019\/12\/about-gap.png\" class=\"attachment-full size-full\" alt=\"\" srcset=\"https:\/\/steuerberater-vetisch.de\/wp-content\/uploads\/2019\/12\/about-gap.png 350w, https:\/\/steuerberater-vetisch.de\/wp-content\/uploads\/2019\/12\/about-gap-300x1.png 300w, https:\/\/steuerberater-vetisch.de\/wp-content\/uploads\/2019\/12\/about-gap-250x1.png 250w, https:\/\/steuerberater-vetisch.de\/wp-content\/uploads\/2019\/12\/about-gap-150x1.png 150w\" sizes=\"(max-width: 350px) 100vw, 350px\" \/>\t\t\t\t\t\t\t\t\t\t\t\t\t\t\t<\/div>\n\t\t\t\t<\/div>\n\t\t            <\/div>\n        <\/div>\n                            <\/div>\n        <\/section>\n                    <\/div>\n        <\/div>\n                            <\/div>\n        <\/section>\n        \t\t\t\t<\/div>\n\t\t\t\t\t<\/div>\n\t\t","protected":false},"excerpt":{"rendered":"<p>Werdegang 1971 &#8211; 1974 Ausbildung f\u00fcr den geh. Dienst bei der Finanzverwaltung 1974 Koordinator im allgemeinen Veranlagunsbezirk beim FA Detmold 1974 &#8211; 1975 Wehrdienst 1976 Bearbeiter in der Grunderwerbsteuerstelle 1976 &#8211; 1980 Koordinator in der Vollstreckungsstelle 1980 &#8211; 1990 Bearbeiter in der Rechtsbehelfsstelle 1990 &#8211; 1998 Bearbeiter im Ausbildungsbezirk des FA Detmold und Veranlagungsbezirk f\u00fcr [&hellip;]<\/p>\n","protected":false},"author":2,"featured_media":0,"parent":0,"menu_order":0,"comment_status":"closed","ping_status":"closed","template":"","meta":{"footnotes":""},"class_list":["post-26","page","type-page","status-publish","hentry"],"_links":{"self":[{"href":"https:\/\/steuerberater-vetisch.de\/index.php?rest_route=\/wp\/v2\/pages\/26","targetHints":{"allow":["GET"]}}],"collection":[{"href":"https:\/\/steuerberater-vetisch.de\/index.php?rest_route=\/wp\/v2\/pages"}],"about":[{"href":"https:\/\/steuerberater-vetisch.de\/index.php?rest_route=\/wp\/v2\/types\/page"}],"author":[{"embeddable":true,"href":"https:\/\/steuerberater-vetisch.de\/index.php?rest_route=\/wp\/v2\/users\/2"}],"replies":[{"embeddable":true,"href":"https:\/\/steuerberater-vetisch.de\/index.php?rest_route=%2Fwp%2Fv2%2Fcomments&post=26"}],"version-history":[{"count":22,"href":"https:\/\/steuerberater-vetisch.de\/index.php?rest_route=\/wp\/v2\/pages\/26\/revisions"}],"predecessor-version":[{"id":4883,"href":"https:\/\/steuerberater-vetisch.de\/index.php?rest_route=\/wp\/v2\/pages\/26\/revisions\/4883"}],"wp:attachment":[{"href":"https:\/\/steuerberater-vetisch.de\/index.php?rest_route=%2Fwp%2Fv2%2Fmedia&parent=26"}],"curies":[{"name":"wp","href":"https:\/\/api.w.org\/{rel}","templated":true}]}}