{"id":4782,"date":"2021-06-21T19:38:47","date_gmt":"2021-06-21T17:38:47","guid":{"rendered":"https:\/\/steuerberater-vetisch.de\/?page_id=4782"},"modified":"2021-06-25T00:34:26","modified_gmt":"2021-06-24T22:34:26","slug":"leistungen","status":"publish","type":"page","link":"https:\/\/steuerberater-vetisch.de\/?page_id=4782","title":{"rendered":"Leistungen"},"content":{"rendered":"\t\t<div data-elementor-type=\"wp-page\" data-elementor-id=\"4782\" class=\"elementor elementor-4782\" data-elementor-settings=\"[]\">\n\t\t\t\t\t\t\t<div class=\"elementor-section-wrap\">\n\t\t\t\t\t        <section class=\"elementor-section elementor-top-section elementor-element elementor-element-bc3ac66 elementor-section-boxed elementor-section-height-default elementor-section-height-default\" data-id=\"bc3ac66\" data-element_type=\"section\">\n            \n                        <div class=\"elementor-container elementor-column-gap-default \">\n                    <div class=\"elementor-column elementor-col-100 elementor-top-column elementor-element elementor-element-5ffce27\" data-id=\"5ffce27\" data-element_type=\"column\">\n            <div class=\"elementor-widget-wrap elementor-element-populated\">\n                        \t\t<div class=\"elementor-element elementor-element-8517c0c elementor-widget elementor-widget-text-editor\" data-id=\"8517c0c\" data-element_type=\"widget\" data-widget_type=\"text-editor.default\">\n\t\t\t\t<div class=\"elementor-widget-container\">\n\t\t\t\t\t\t\t\t<p>&#8211; Steuererkl\u00e4rungen<br \/>&#8211; Jahresabschl\u00fcsse<br \/>&#8211; Finanzbuchhaltung<br \/>&#8211; Lohnbuchhaltung<br \/>&#8211; Rechtsbehelfsverfahren<br \/>&#8211; Beratung bei Betriebspr\u00fcfungen<br \/>&#8211; Gemeinn\u00fctzigskeitsrecht<\/p>\t\t\t\t\t\t<\/div>\n\t\t\t\t<\/div>\n\t\t            <\/div>\n        <\/div>\n                            <\/div>\n        <\/section>\n        \t\t\t\t<\/div>\n\t\t\t\t\t<\/div>\n\t\t","protected":false},"excerpt":{"rendered":"<p>&#8211; Steuererkl\u00e4rungen &#8211; Jahresabschl\u00fcsse &#8211; Finanzbuchhaltung &#8211; Lohnbuchhaltung &#8211; Rechtsbehelfsverfahren &#8211; Beratung bei Betriebspr\u00fcfungen &#8211; Gemeinn\u00fctzigskeitsrecht<\/p>\n","protected":false},"author":2,"featured_media":0,"parent":0,"menu_order":0,"comment_status":"closed","ping_status":"closed","template":"","meta":{"footnotes":""},"class_list":["post-4782","page","type-page","status-publish","hentry"],"_links":{"self":[{"href":"https:\/\/steuerberater-vetisch.de\/index.php?rest_route=\/wp\/v2\/pages\/4782","targetHints":{"allow":["GET"]}}],"collection":[{"href":"https:\/\/steuerberater-vetisch.de\/index.php?rest_route=\/wp\/v2\/pages"}],"about":[{"href":"https:\/\/steuerberater-vetisch.de\/index.php?rest_route=\/wp\/v2\/types\/page"}],"author":[{"embeddable":true,"href":"https:\/\/steuerberater-vetisch.de\/index.php?rest_route=\/wp\/v2\/users\/2"}],"replies":[{"embeddable":true,"href":"https:\/\/steuerberater-vetisch.de\/index.php?rest_route=%2Fwp%2Fv2%2Fcomments&post=4782"}],"version-history":[{"count":33,"href":"https:\/\/steuerberater-vetisch.de\/index.php?rest_route=\/wp\/v2\/pages\/4782\/revisions"}],"predecessor-version":[{"id":4890,"href":"https:\/\/steuerberater-vetisch.de\/index.php?rest_route=\/wp\/v2\/pages\/4782\/revisions\/4890"}],"wp:attachment":[{"href":"https:\/\/steuerberater-vetisch.de\/index.php?rest_route=%2Fwp%2Fv2%2Fmedia&parent=4782"}],"curies":[{"name":"wp","href":"https:\/\/api.w.org\/{rel}","templated":true}]}}