{"id":4833,"date":"2021-06-23T12:20:27","date_gmt":"2021-06-23T10:20:27","guid":{"rendered":"https:\/\/steuerberater-vetisch.de\/?page_id=4833"},"modified":"2021-06-23T12:53:01","modified_gmt":"2021-06-23T10:53:01","slug":"impressum","status":"publish","type":"page","link":"https:\/\/steuerberater-vetisch.de\/?page_id=4833","title":{"rendered":"Impressum"},"content":{"rendered":"\t\t<div data-elementor-type=\"wp-page\" data-elementor-id=\"4833\" class=\"elementor elementor-4833\" data-elementor-settings=\"[]\">\n\t\t\t\t\t\t\t<div class=\"elementor-section-wrap\">\n\t\t\t\t\t        <section class=\"elementor-section elementor-top-section elementor-element elementor-element-9a68d19 elementor-section-boxed elementor-section-height-default elementor-section-height-default\" data-id=\"9a68d19\" data-element_type=\"section\">\n            \n                        <div class=\"elementor-container elementor-column-gap-default \">\n                    <div class=\"elementor-column elementor-col-100 elementor-top-column elementor-element elementor-element-4bacf78\" data-id=\"4bacf78\" data-element_type=\"column\">\n            <div class=\"elementor-widget-wrap elementor-element-populated\">\n                        \t\t<div class=\"elementor-element elementor-element-267183e elementor-widget elementor-widget-text-editor\" data-id=\"267183e\" data-element_type=\"widget\" data-widget_type=\"text-editor.default\">\n\t\t\t\t<div class=\"elementor-widget-container\">\n\t\t\t\t\t\t\t\t<p>Hinweise\u00a0\u00a0gem\u00e4\u00df \u00a7 5 Telemediengesetz<\/p><p><br \/>Diese Seiten wurden von mir erstellt. Die Inhalte dieser Website sind nicht dazu gedacht, rechtlichen Rat zu erteilen. Es wird keine Gew\u00e4hr f\u00fcr die Richtigkeit, Vollst\u00e4ndigkeit und Aktualit\u00e4t \u00fcbernommen. Es wird keine Haftung f\u00fcr die Existenz und der Inhalte auf fremde Websites \u00fcbernommen. Zudem auch keine Haftung f\u00fcr unaufgeforderte Materialien.<br \/><br \/>Mit Urkunde vom 13.02.2008 wurde ich durch die Steuerberaterkammer Westfalen-Lippe zum Steuerberater bestellt.<br \/><br \/>Der Berufsstand der Steuerberater unterliegt im Wesentlichen den nachstehenden gesetzlichen Regelungen:<br \/><br \/>1. Steuerberatungsgesetz (StBerG)<br \/>2. Durchf\u00fchrungsverordnung zum Steuerberatungsgesetz (DVStB)<br \/>3. Berufsordnung (BOStB)<br \/>4. Steuerberatergeb\u00fchrenverordnung (StBGebV)<br \/><br \/>Die berufsrechtlichen Regelungen k\u00f6nnen bei der zust\u00e4ndigen Steuerberaterkammer Westfalen-Lippe eingesehen werden.<\/p>\t\t\t\t\t\t<\/div>\n\t\t\t\t<\/div>\n\t\t            <\/div>\n        <\/div>\n                            <\/div>\n        <\/section>\n        \t\t\t\t<\/div>\n\t\t\t\t\t<\/div>\n\t\t","protected":false},"excerpt":{"rendered":"<p>Hinweise\u00a0\u00a0gem\u00e4\u00df \u00a7 5 Telemediengesetz Diese Seiten wurden von mir erstellt. Die Inhalte dieser Website sind nicht dazu gedacht, rechtlichen Rat zu erteilen. Es wird keine Gew\u00e4hr f\u00fcr die Richtigkeit, Vollst\u00e4ndigkeit und Aktualit\u00e4t \u00fcbernommen. Es wird keine Haftung f\u00fcr die Existenz und der Inhalte auf fremde Websites \u00fcbernommen. Zudem auch keine Haftung f\u00fcr unaufgeforderte Materialien. Mit [&hellip;]<\/p>\n","protected":false},"author":2,"featured_media":0,"parent":0,"menu_order":0,"comment_status":"closed","ping_status":"closed","template":"","meta":{"footnotes":""},"class_list":["post-4833","page","type-page","status-publish","hentry"],"_links":{"self":[{"href":"https:\/\/steuerberater-vetisch.de\/index.php?rest_route=\/wp\/v2\/pages\/4833","targetHints":{"allow":["GET"]}}],"collection":[{"href":"https:\/\/steuerberater-vetisch.de\/index.php?rest_route=\/wp\/v2\/pages"}],"about":[{"href":"https:\/\/steuerberater-vetisch.de\/index.php?rest_route=\/wp\/v2\/types\/page"}],"author":[{"embeddable":true,"href":"https:\/\/steuerberater-vetisch.de\/index.php?rest_route=\/wp\/v2\/users\/2"}],"replies":[{"embeddable":true,"href":"https:\/\/steuerberater-vetisch.de\/index.php?rest_route=%2Fwp%2Fv2%2Fcomments&post=4833"}],"version-history":[{"count":8,"href":"https:\/\/steuerberater-vetisch.de\/index.php?rest_route=\/wp\/v2\/pages\/4833\/revisions"}],"predecessor-version":[{"id":4872,"href":"https:\/\/steuerberater-vetisch.de\/index.php?rest_route=\/wp\/v2\/pages\/4833\/revisions\/4872"}],"wp:attachment":[{"href":"https:\/\/steuerberater-vetisch.de\/index.php?rest_route=%2Fwp%2Fv2%2Fmedia&parent=4833"}],"curies":[{"name":"wp","href":"https:\/\/api.w.org\/{rel}","templated":true}]}}